{"id":30988,"date":"2026-02-12T11:19:52","date_gmt":"2026-02-12T10:19:52","guid":{"rendered":"https:\/\/petroval.es\/legal-notice-2\/"},"modified":"2026-02-12T11:19:52","modified_gmt":"2026-02-12T10:19:52","slug":"legal-notice-2","status":"publish","type":"page","link":"https:\/\/petroval.es\/en\/legal-notice-2\/","title":{"rendered":"Legal Notice"},"content":{"rendered":"\n<!-- Legal document generated by Complianz | GDPR\/CCPA Cookie Consent https:\/\/wordpress.org\/plugins\/complianz-gdpr -->\n<div id=\"cmplz-document\" class=\"cmplz-document impressum cmplz-document-all\"><p><i>This imprint was last updated on 12 de February de 2026.<\/i><\/p><p class=\"cmplz-subtitle\">The owner of this website is:<\/p><p>Petroquimica Valenciana, S. L. S.L<br>C\/ Algepser, 71<br \/>\nParque Empresarial T\u00e1ctica \u2013 46980 \u2013 Paterna (VALENCIA)<br>Spain<br>Email:&nbsp;<span class=\"cmplz-obfuscate\">petr&#111;&#118;a&#108;@<span class=\"cmplz-fmail-domain\">&#101;&#120;.&#099;om<\/span>p&#101;&#116;&#114;&#111;&#118;a&#108;&#046;&#101;s<\/span><br>Phone number: 961340377<br>VAT ID:&nbsp;B96096284<\/p><h2>1. General<\/h2><p class=\"cmplz-subtitle\">1.1 We are registered at Registro Mercancial de Valencia under the license or registration number:<\/p><p>VALENCIA, Tomo 4406, Libro 1718, Secci\u00f3n General del libro de Sociedades folio 1 hoja n\u00famero U-23836 Inscripci\u00f3n 1\u00aa<\/p><p>We are not willing or obliged to participate in dispute resolution procedures before a consumer arbitration board.<\/p><\/div>\n","protected":false},"excerpt":{"rendered":"","protected":false},"author":1,"featured_media":0,"parent":0,"menu_order":0,"comment_status":"closed","ping_status":"closed","template":"","meta":{"footnotes":""},"class_list":["post-30988","page","type-page","status-publish","hentry"],"_links":{"self":[{"href":"https:\/\/petroval.es\/en\/wp-json\/wp\/v2\/pages\/30988","targetHints":{"allow":["GET"]}}],"collection":[{"href":"https:\/\/petroval.es\/en\/wp-json\/wp\/v2\/pages"}],"about":[{"href":"https:\/\/petroval.es\/en\/wp-json\/wp\/v2\/types\/page"}],"author":[{"embeddable":true,"href":"https:\/\/petroval.es\/en\/wp-json\/wp\/v2\/users\/1"}],"replies":[{"embeddable":true,"href":"https:\/\/petroval.es\/en\/wp-json\/wp\/v2\/comments?post=30988"}],"version-history":[{"count":0,"href":"https:\/\/petroval.es\/en\/wp-json\/wp\/v2\/pages\/30988\/revisions"}],"wp:attachment":[{"href":"https:\/\/petroval.es\/en\/wp-json\/wp\/v2\/media?parent=30988"}],"curies":[{"name":"wp","href":"https:\/\/api.w.org\/{rel}","templated":true}]}}